 
 {"id":48,"date":"2020-12-16T19:57:21","date_gmt":"2020-12-16T18:57:21","guid":{"rendered":"http:\/\/philippe-berthelot-conteur.fr\/?page_id=48"},"modified":"2021-02-16T11:02:38","modified_gmt":"2021-02-16T10:02:38","slug":"ballades-contees-en-images","status":"publish","type":"page","link":"https:\/\/philippe-berthelot-conteur.fr\/?page_id=48","title":{"rendered":"Ballades cont\u00e9es en images"},"content":{"rendered":"<p><\/p>\n\n\n<\/p>\n<p>A d\u00e9faut de pouvoir conter en vrai, je vous propose quelques promenades en images et en imaginaire.<\/p>\n<p>\n\n\n<p><\/p>\n<p><\/p>\n\n\n<\/p>\n<h2><strong><em>La confusion des arbres<\/em><\/strong><\/h2>\n<p>\n\n\n<p><\/p>\n<p><\/p>\n\n\n<\/p>\n<p>L&#8217;an dernier, le vent a souffl\u00e9 tr\u00e8s fort dans ma vall\u00e9e. Il a fait beaucoup de d\u00e9g\u00e2ts !<\/p>\n<p>\n\n\n<p><\/p>\n<p><\/p>\n\n\n<\/p>\n<p>Depuis la nature s&#8217;arrange du chaos des arbres arrach\u00e9s \u00e0 leur terre. <\/p>\n<p>Un univers est n\u00e9, \u00e9trange, parfois inqui\u00e9tant, propice aux promenades o\u00f9 l&#8217;imaginaire taquine le fantastique !<\/p>\n<p>\u00a0<\/p>\n<p>\n\n\n<p><\/p>\n<figure><img src=\"http:\/\/philippe-berthelot-conteur.fr\/wp-content\/uploads\/2020\/12\/Image20-1.jpg\" alt=\"Image20-1\"><\/figure>\n<figure><img src=\"http:\/\/philippe-berthelot-conteur.fr\/wp-content\/uploads\/2020\/12\/Image17-1.jpg\" alt=\"Image17-1\"><\/figure>\n<figure><img src=\"http:\/\/philippe-berthelot-conteur.fr\/wp-content\/uploads\/2020\/12\/Image18-1.jpg\" alt=\"Image18-1\"><\/figure>\n<figure><img src=\"http:\/\/philippe-berthelot-conteur.fr\/wp-content\/uploads\/2020\/12\/Image19-1.jpg\" alt=\"Image19-1\"><\/figure>\n<figure><img src=\"http:\/\/philippe-berthelot-conteur.fr\/wp-content\/uploads\/2020\/12\/Image13-1.jpg\" alt=\"Image13-1\"><\/figure>\n<figure><img src=\"http:\/\/philippe-berthelot-conteur.fr\/wp-content\/uploads\/2020\/12\/Image14-1.jpg\" alt=\"Image14-1\"><\/figure>\n<figure><img src=\"http:\/\/philippe-berthelot-conteur.fr\/wp-content\/uploads\/2020\/12\/Image15-1.jpg\" alt=\"Image15-1\"><\/figure>\n<figure><img src=\"http:\/\/philippe-berthelot-conteur.fr\/wp-content\/uploads\/2020\/12\/Image16-1.jpg\" alt=\"Image16-1\"><\/figure>\n<figure><img src=\"http:\/\/philippe-berthelot-conteur.fr\/wp-content\/uploads\/2020\/12\/Image12-1.jpg\" alt=\"Image12-1\"><\/figure>\n<figure><img src=\"http:\/\/philippe-berthelot-conteur.fr\/wp-content\/uploads\/2020\/12\/Image11-1.jpg\" alt=\"Image11-1\"><\/figure>\n<figure><img src=\"http:\/\/philippe-berthelot-conteur.fr\/wp-content\/uploads\/2020\/12\/Image10-1.jpg\" alt=\"Image10-1\"><\/figure>\n<figure><img src=\"http:\/\/philippe-berthelot-conteur.fr\/wp-content\/uploads\/2020\/12\/Image6-1.jpg\" alt=\"Image6-1\"><\/figure>\n<figure><img src=\"http:\/\/philippe-berthelot-conteur.fr\/wp-content\/uploads\/2020\/12\/Image7-1.jpg\" alt=\"Image7-1\"><\/figure>\n<figure><img src=\"http:\/\/philippe-berthelot-conteur.fr\/wp-content\/uploads\/2020\/12\/Image8-1.jpg\" alt=\"Image8-1\"><\/figure>\n<figure><img src=\"http:\/\/philippe-berthelot-conteur.fr\/wp-content\/uploads\/2020\/12\/Image9-1.jpg\" alt=\"Image9-1\"><\/figure>\n<figure><img src=\"http:\/\/philippe-berthelot-conteur.fr\/wp-content\/uploads\/2020\/12\/Image2-1.jpg\" alt=\"Image2-1\"><\/figure>\n<figure><img src=\"http:\/\/philippe-berthelot-conteur.fr\/wp-content\/uploads\/2020\/12\/Image3-1.jpg\" alt=\"Image3-1\"><\/figure>\n<figure><img src=\"http:\/\/philippe-berthelot-conteur.fr\/wp-content\/uploads\/2020\/12\/Image4-1.jpg\" alt=\"Image4-1\"><\/figure>\n<figure><img src=\"http:\/\/philippe-berthelot-conteur.fr\/wp-content\/uploads\/2020\/12\/Image5-1.jpg\" alt=\"Image5-1\"><\/figure>\n<figure><img src=\"http:\/\/philippe-berthelot-conteur.fr\/wp-content\/uploads\/2020\/12\/Image1-1.jpg\" alt=\"Image1-1\"><\/figure>\n<figure><img src=\"http:\/\/philippe-berthelot-conteur.fr\/wp-content\/uploads\/2020\/12\/Image48.jpg\" alt=\"Image48\"><\/figure>\n<figure><img src=\"http:\/\/philippe-berthelot-conteur.fr\/wp-content\/uploads\/2020\/12\/Image47.jpg\" alt=\"Image47\"><\/figure>\n<figure><img src=\"http:\/\/philippe-berthelot-conteur.fr\/wp-content\/uploads\/2020\/12\/Image46.jpg\" alt=\"Image46\"><\/figure>\n<figure><img src=\"http:\/\/philippe-berthelot-conteur.fr\/wp-content\/uploads\/2020\/12\/Image45.jpg\" alt=\"Image45\"><\/figure>\n<figure><img src=\"http:\/\/philippe-berthelot-conteur.fr\/wp-content\/uploads\/2020\/12\/Image44.jpg\" alt=\"Image44\"><\/figure>\n<figure><img src=\"http:\/\/philippe-berthelot-conteur.fr\/wp-content\/uploads\/2020\/12\/Image43.jpg\" alt=\"Image43\"><\/figure>\n<figure><img src=\"http:\/\/philippe-berthelot-conteur.fr\/wp-content\/uploads\/2020\/12\/Image42.jpg\" alt=\"Image42\"><\/figure>\n<figure><img src=\"http:\/\/philippe-berthelot-conteur.fr\/wp-content\/uploads\/2020\/12\/Image41.jpg\" alt=\"Image41\"><\/figure>\n<figure><img src=\"http:\/\/philippe-berthelot-conteur.fr\/wp-content\/uploads\/2020\/12\/Image40.jpg\" alt=\"Image40\"><\/figure>\n<figure><img src=\"http:\/\/philippe-berthelot-conteur.fr\/wp-content\/uploads\/2020\/12\/Image39.jpg\" alt=\"Image39\"><\/figure>\n<figure><img src=\"http:\/\/philippe-berthelot-conteur.fr\/wp-content\/uploads\/2020\/12\/Image38.jpg\" alt=\"Image38\"><\/figure>\n<figure><img src=\"http:\/\/philippe-berthelot-conteur.fr\/wp-content\/uploads\/2020\/12\/Image37.jpg\" alt=\"Image37\"><\/figure>\n<figure><img src=\"http:\/\/philippe-berthelot-conteur.fr\/wp-content\/uploads\/2020\/12\/Image36.jpg\" alt=\"Image36\"><\/figure>\n<figure><img src=\"http:\/\/philippe-berthelot-conteur.fr\/wp-content\/uploads\/2020\/12\/Image35.jpg\" alt=\"Image35\"><\/figure>\n<figure><img src=\"http:\/\/philippe-berthelot-conteur.fr\/wp-content\/uploads\/2020\/12\/Image34.jpg\" alt=\"Image34\"><\/figure>\n<figure><img src=\"http:\/\/philippe-berthelot-conteur.fr\/wp-content\/uploads\/2020\/12\/Image33.jpg\" alt=\"Image33\"><\/figure>\n<figure><img src=\"http:\/\/philippe-berthelot-conteur.fr\/wp-content\/uploads\/2020\/12\/Image32.jpg\" alt=\"Image32\"><\/figure>\n<figure><img src=\"http:\/\/philippe-berthelot-conteur.fr\/wp-content\/uploads\/2020\/12\/Image31.jpg\" alt=\"Image31\"><\/figure>\n<figure><img src=\"http:\/\/philippe-berthelot-conteur.fr\/wp-content\/uploads\/2020\/12\/Image30.jpg\" alt=\"Image30\"><\/figure>\n<figure><img src=\"http:\/\/philippe-berthelot-conteur.fr\/wp-content\/uploads\/2020\/12\/Image29.jpg\" alt=\"Image29\"><\/figure>\n<p>\t\t\t\t\t\tPr\u00e9c\u00e9dent<br>\n\t\t\t\t\t\tSuivant<\/p>","protected":false},"excerpt":{"rendered":"<p>A d\u00e9faut de pouvoir conter en vrai, je vous propose quelques promenades en images et en imaginaire. La confusion des arbres L&#8217;an dernier, le vent a souffl\u00e9 tr\u00e8s fort dans ma vall\u00e9e. Il a fait beaucoup de d\u00e9g\u00e2ts ! Depuis &hellip; <a href=\"https:\/\/philippe-berthelot-conteur.fr\/?page_id=48\">Continue reading <span class=\"meta-nav\">&rarr;<\/span><\/a><\/p>\n","protected":false},"author":1,"featured_media":0,"parent":0,"menu_order":0,"comment_status":"closed","ping_status":"closed","template":"","meta":[],"_links":{"self":[{"href":"https:\/\/philippe-berthelot-conteur.fr\/index.php?rest_route=\/wp\/v2\/pages\/48"}],"collection":[{"href":"https:\/\/philippe-berthelot-conteur.fr\/index.php?rest_route=\/wp\/v2\/pages"}],"about":[{"href":"https:\/\/philippe-berthelot-conteur.fr\/index.php?rest_route=\/wp\/v2\/types\/page"}],"author":[{"embeddable":true,"href":"https:\/\/philippe-berthelot-conteur.fr\/index.php?rest_route=\/wp\/v2\/users\/1"}],"replies":[{"embeddable":true,"href":"https:\/\/philippe-berthelot-conteur.fr\/index.php?rest_route=%2Fwp%2Fv2%2Fcomments&post=48"}],"version-history":[{"count":15,"href":"https:\/\/philippe-berthelot-conteur.fr\/index.php?rest_route=\/wp\/v2\/pages\/48\/revisions"}],"predecessor-version":[{"id":160,"href":"https:\/\/philippe-berthelot-conteur.fr\/index.php?rest_route=\/wp\/v2\/pages\/48\/revisions\/160"}],"wp:attachment":[{"href":"https:\/\/philippe-berthelot-conteur.fr\/index.php?rest_route=%2Fwp%2Fv2%2Fmedia&parent=48"}],"curies":[{"name":"wp","href":"https:\/\/api.w.org\/{rel}","templated":true}]}}